{"id":24,"date":"2026-01-08T19:56:10","date_gmt":"2026-01-08T19:56:10","guid":{"rendered":"https:\/\/lesmiroitiersdesainttropez.com\/?page_id=24"},"modified":"2026-01-10T21:03:10","modified_gmt":"2026-01-10T21:03:10","slug":"realisations","status":"publish","type":"page","link":"https:\/\/lesmiroitiersdesainttropez.com\/index.php\/realisations\/","title":{"rendered":"R\u00e9alisations"},"content":{"rendered":"\t\t<div data-elementor-type=\"wp-page\" data-elementor-id=\"24\" class=\"elementor elementor-24\">\n\t\t\t\t<div class=\"elementor-element elementor-element-9cfe18d e-con-full e-flex e-con e-parent\" data-id=\"9cfe18d\" data-element_type=\"container\" data-settings=\"{&quot;shape_divider_top&quot;:&quot;clouds&quot;}\">\n\t\t\t\t<div class=\"elementor-shape elementor-shape-top\" aria-hidden=\"true\" data-negative=\"false\">\n\t\t\t<svg xmlns=\"http:\/\/www.w3.org\/2000\/svg\" viewBox=\"0 0 283.5 27.8\" preserveAspectRatio=\"xMidYMax slice\">\n  <path class=\"elementor-shape-fill\" d=\"M0 0v6.7c1.9-.8 4.7-1.4 8.5-1 9.5 1.1 11.1 6 11.1 6s2.1-.7 4.3-.2c2.1.5 2.8 2.6 2.8 2.6s.2-.5 1.4-.7c1.2-.2 1.7.2 1.7.2s0-2.1 1.9-2.8c1.9-.7 3.6.7 3.6.7s.7-2.9 3.1-4.1 4.7 0 4.7 0 1.2-.5 2.4 0 1.7 1.4 1.7 1.4h1.4c.7 0 1.2.7 1.2.7s.8-1.8 4-2.2c3.5-.4 5.3 2.4 6.2 4.4.4-.4 1-.7 1.8-.9 2.8-.7 4 .7 4 .7s1.7-5 11.1-6c9.5-1.1 12.3 3.9 12.3 3.9s1.2-4.8 5.7-5.7c4.5-.9 6.8 1.8 6.8 1.8s.6-.6 1.5-.9c.9-.2 1.9-.2 1.9-.2s5.2-6.4 12.6-3.3c7.3 3.1 4.7 9 4.7 9s1.9-.9 4 0 2.8 2.4 2.8 2.4 1.9-1.2 4.5-1.2 4.3 1.2 4.3 1.2.2-1 1.4-1.7 2.1-.7 2.1-.7-.5-3.1 2.1-5.5 5.7-1.4 5.7-1.4 1.5-2.3 4.2-1.1c2.7 1.2 1.7 5.2 1.7 5.2s.3-.1 1.3.5c.5.4.8.8.9 1.1.5-1.4 2.4-5.8 8.4-4 7.1 2.1 3.5 8.9 3.5 8.9s.8-.4 2 0 1.1 1.1 1.1 1.1 1.1-1.1 2.3-1.1 2.1.5 2.1.5 1.9-3.6 6.2-1.2 1.9 6.4 1.9 6.4 2.6-2.4 7.4 0c3.4 1.7 3.9 4.9 3.9 4.9s3.3-6.9 10.4-7.9 11.5 2.6 11.5 2.6.8 0 1.2.2c.4.2.9.9.9.9s4.4-3.1 8.3.2c1.9 1.7 1.5 5 1.5 5s.3-1.1 1.6-1.4c1.3-.3 2.3.2 2.3.2s-.1-1.2.5-1.9 1.9-.9 1.9-.9-4.7-9.3 4.4-13.4c5.6-2.5 9.2.9 9.2.9s5-6.2 15.9-6.2 16.1 8.1 16.1 8.1.7-.2 1.6-.4V0H0z\"\/>\n<\/svg>\n\t\t<\/div>\n\t\t<div class=\"elementor-element elementor-element-e8a3ee1 e-con-full e-flex e-con e-child\" data-id=\"e8a3ee1\" data-element_type=\"container\">\n\t\t\t\t<div class=\"elementor-element elementor-element-259cd1d elementor-widget elementor-widget-image\" data-id=\"259cd1d\" data-element_type=\"widget\" data-widget_type=\"image.default\">\n\t\t\t\t\t\t\t\t\t\t\t\t\t\t\t<img fetchpriority=\"high\" decoding=\"async\" width=\"562\" height=\"316\" src=\"https:\/\/lesmiroitiersdesainttropez.com\/wp-content\/uploads\/2026\/01\/LOGO_LMST_DEF-FOND-OR-BLC-2.webp\" class=\"attachment-large size-large wp-image-191\" alt=\"JML Services LES MIROITIERS DE SAINT TROPEZ\" srcset=\"https:\/\/lesmiroitiersdesainttropez.com\/wp-content\/uploads\/2026\/01\/LOGO_LMST_DEF-FOND-OR-BLC-2.webp 562w, https:\/\/lesmiroitiersdesainttropez.com\/wp-content\/uploads\/2026\/01\/LOGO_LMST_DEF-FOND-OR-BLC-2-300x169.webp 300w\" sizes=\"(max-width: 562px) 100vw, 562px\" \/>\t\t\t\t\t\t\t\t\t\t\t\t\t\t\t<\/div>\n\t\t\t\t<\/div>\n\t\t\t\t<\/div>\n\t\t<div class=\"elementor-element elementor-element-776e469 e-flex e-con-boxed e-con e-parent\" data-id=\"776e469\" data-element_type=\"container\">\n\t\t\t\t\t<div class=\"e-con-inner\">\n\t\t\t\t<div class=\"elementor-element elementor-element-9c49ac2 elementor-widget elementor-widget-heading\" data-id=\"9c49ac2\" data-element_type=\"widget\" data-widget_type=\"heading.default\">\n\t\t\t\t\t<h1 class=\"elementor-heading-title elementor-size-default\">R\u00e9alisations<\/h1>\t\t\t\t<\/div>\n\t\t\t\t<div class=\"elementor-element elementor-element-5a2b7aa elementor-widget elementor-widget-text-editor\" data-id=\"5a2b7aa\" data-element_type=\"widget\" data-widget_type=\"text-editor.default\">\n\t\t\t\t\t\t\t\t\t<p>Quelques exemples de r\u00e9alisations en miroiterie et verrerie sur mesure.<\/p><div>\u00a0<\/div>\t\t\t\t\t\t\t\t<\/div>\n\t\t\t\t<div class=\"elementor-element elementor-element-7cfe6df gallery-spacing-custom elementor-widget elementor-widget-image-gallery\" data-id=\"7cfe6df\" data-element_type=\"widget\" data-widget_type=\"image-gallery.default\">\n\t\t\t\t\t\t\t<div class=\"elementor-image-gallery\">\n\t\t\t<div id='gallery-1' class='gallery galleryid-24 gallery-columns-3 gallery-size-large'><figure class='gallery-item'>\n\t\t\t<div class='gallery-icon portrait'>\n\t\t\t\t<img decoding=\"async\" width=\"768\" height=\"1024\" src=\"https:\/\/lesmiroitiersdesainttropez.com\/wp-content\/uploads\/2026\/01\/07-Fuad-04-1-768x1024.webp\" class=\"attachment-large size-large\" alt=\"Paroi de douche en laiton\" aria-describedby=\"gallery-1-116\" srcset=\"https:\/\/lesmiroitiersdesainttropez.com\/wp-content\/uploads\/2026\/01\/07-Fuad-04-1-768x1024.webp 768w, https:\/\/lesmiroitiersdesainttropez.com\/wp-content\/uploads\/2026\/01\/07-Fuad-04-1-225x300.webp 225w, https:\/\/lesmiroitiersdesainttropez.com\/wp-content\/uploads\/2026\/01\/07-Fuad-04-1-1152x1536.webp 1152w, https:\/\/lesmiroitiersdesainttropez.com\/wp-content\/uploads\/2026\/01\/07-Fuad-04-1.webp 1440w\" sizes=\"(max-width: 768px) 100vw, 768px\" \/>\n\t\t\t<\/div>\n\t\t\t\t<figcaption class='wp-caption-text gallery-caption' id='gallery-1-116'>\n\t\t\t\tParoi en laiton\n\t\t\t\t<\/figcaption><\/figure><figure class='gallery-item'>\n\t\t\t<div class='gallery-icon portrait'>\n\t\t\t\t<img decoding=\"async\" width=\"682\" height=\"1024\" src=\"https:\/\/lesmiroitiersdesainttropez.com\/wp-content\/uploads\/2026\/01\/JO_GAD_TEMPLE2024_HD-19-682x1024.jpeg\" class=\"attachment-large size-large\" alt=\"\" aria-describedby=\"gallery-1-126\" srcset=\"https:\/\/lesmiroitiersdesainttropez.com\/wp-content\/uploads\/2026\/01\/JO_GAD_TEMPLE2024_HD-19-682x1024.jpeg 682w, https:\/\/lesmiroitiersdesainttropez.com\/wp-content\/uploads\/2026\/01\/JO_GAD_TEMPLE2024_HD-19-200x300.webp 200w, https:\/\/lesmiroitiersdesainttropez.com\/wp-content\/uploads\/2026\/01\/JO_GAD_TEMPLE2024_HD-19-768x1152.jpeg 768w, https:\/\/lesmiroitiersdesainttropez.com\/wp-content\/uploads\/2026\/01\/JO_GAD_TEMPLE2024_HD-19.webp 853w\" sizes=\"(max-width: 682px) 100vw, 682px\" \/>\n\t\t\t<\/div>\n\t\t\t\t<figcaption class='wp-caption-text gallery-caption' id='gallery-1-126'>\n\t\t\t\tEtag\u00e8re en verre\n\t\t\t\t<\/figcaption><\/figure><figure class='gallery-item'>\n\t\t\t<div class='gallery-icon portrait'>\n\t\t\t\t<img loading=\"lazy\" decoding=\"async\" width=\"768\" height=\"1024\" src=\"https:\/\/lesmiroitiersdesainttropez.com\/wp-content\/uploads\/2026\/01\/12-mme-03-768x1024.webp\" class=\"attachment-large size-large\" alt=\"Miroir r\u00e9tro \u00e9clair\u00e9 Saint-Tropez\" aria-describedby=\"gallery-1-117\" srcset=\"https:\/\/lesmiroitiersdesainttropez.com\/wp-content\/uploads\/2026\/01\/12-mme-03-768x1024.webp 768w, https:\/\/lesmiroitiersdesainttropez.com\/wp-content\/uploads\/2026\/01\/12-mme-03-225x300.webp 225w, https:\/\/lesmiroitiersdesainttropez.com\/wp-content\/uploads\/2026\/01\/12-mme-03-1152x1536.webp 1152w, https:\/\/lesmiroitiersdesainttropez.com\/wp-content\/uploads\/2026\/01\/12-mme-03.webp 1440w\" sizes=\"(max-width: 768px) 100vw, 768px\" \/>\n\t\t\t<\/div>\n\t\t\t\t<figcaption class='wp-caption-text gallery-caption' id='gallery-1-117'>\n\t\t\t\tMiroir r\u00e9tro \u00e9clair\u00e9\n\t\t\t\t<\/figcaption><\/figure><figure class='gallery-item'>\n\t\t\t<div class='gallery-icon portrait'>\n\t\t\t\t<img loading=\"lazy\" decoding=\"async\" width=\"768\" height=\"1024\" src=\"https:\/\/lesmiroitiersdesainttropez.com\/wp-content\/uploads\/2026\/01\/13-Mr-SDB-10-768x1024.jpg\" class=\"attachment-large size-large\" alt=\"\" aria-describedby=\"gallery-1-118\" srcset=\"https:\/\/lesmiroitiersdesainttropez.com\/wp-content\/uploads\/2026\/01\/13-Mr-SDB-10-768x1024.jpg 768w, https:\/\/lesmiroitiersdesainttropez.com\/wp-content\/uploads\/2026\/01\/13-Mr-SDB-10-225x300.jpg 225w, https:\/\/lesmiroitiersdesainttropez.com\/wp-content\/uploads\/2026\/01\/13-Mr-SDB-10-1152x1536.jpg 1152w, https:\/\/lesmiroitiersdesainttropez.com\/wp-content\/uploads\/2026\/01\/13-Mr-SDB-10-1536x2048.jpg 1536w, https:\/\/lesmiroitiersdesainttropez.com\/wp-content\/uploads\/2026\/01\/13-Mr-SDB-10.jpg 1704w\" sizes=\"(max-width: 768px) 100vw, 768px\" \/>\n\t\t\t<\/div>\n\t\t\t\t<figcaption class='wp-caption-text gallery-caption' id='gallery-1-118'>\n\t\t\t\tParoi de douche sur mesure\n\t\t\t\t<\/figcaption><\/figure><figure class='gallery-item'>\n\t\t\t<div class='gallery-icon portrait'>\n\t\t\t\t<img loading=\"lazy\" decoding=\"async\" width=\"768\" height=\"1024\" src=\"https:\/\/lesmiroitiersdesainttropez.com\/wp-content\/uploads\/2026\/01\/IMG_0909-768x1024.jpg\" class=\"attachment-large size-large\" alt=\"\" aria-describedby=\"gallery-1-119\" srcset=\"https:\/\/lesmiroitiersdesainttropez.com\/wp-content\/uploads\/2026\/01\/IMG_0909-768x1024.jpg 768w, https:\/\/lesmiroitiersdesainttropez.com\/wp-content\/uploads\/2026\/01\/IMG_0909-225x300.jpg 225w, https:\/\/lesmiroitiersdesainttropez.com\/wp-content\/uploads\/2026\/01\/IMG_0909-1152x1536.jpg 1152w, https:\/\/lesmiroitiersdesainttropez.com\/wp-content\/uploads\/2026\/01\/IMG_0909-1536x2048.jpg 1536w, https:\/\/lesmiroitiersdesainttropez.com\/wp-content\/uploads\/2026\/01\/IMG_0909-scaled.jpg 1920w\" sizes=\"(max-width: 768px) 100vw, 768px\" \/>\n\t\t\t<\/div>\n\t\t\t\t<figcaption class='wp-caption-text gallery-caption' id='gallery-1-119'>\n\t\t\t\tCabine de douche\n\t\t\t\t<\/figcaption><\/figure><figure class='gallery-item'>\n\t\t\t<div class='gallery-icon portrait'>\n\t\t\t\t<img loading=\"lazy\" decoding=\"async\" width=\"768\" height=\"1024\" src=\"https:\/\/lesmiroitiersdesainttropez.com\/wp-content\/uploads\/2026\/01\/IMG_1739-768x1024.jpeg\" class=\"attachment-large size-large\" alt=\"\" aria-describedby=\"gallery-1-121\" srcset=\"https:\/\/lesmiroitiersdesainttropez.com\/wp-content\/uploads\/2026\/01\/IMG_1739-768x1024.jpeg 768w, https:\/\/lesmiroitiersdesainttropez.com\/wp-content\/uploads\/2026\/01\/IMG_1739-225x300.jpeg 225w, https:\/\/lesmiroitiersdesainttropez.com\/wp-content\/uploads\/2026\/01\/IMG_1739-1152x1536.jpeg 1152w, https:\/\/lesmiroitiersdesainttropez.com\/wp-content\/uploads\/2026\/01\/IMG_1739-1536x2048.jpeg 1536w, https:\/\/lesmiroitiersdesainttropez.com\/wp-content\/uploads\/2026\/01\/IMG_1739-scaled.jpeg 1920w\" sizes=\"(max-width: 768px) 100vw, 768px\" \/>\n\t\t\t<\/div>\n\t\t\t\t<figcaption class='wp-caption-text gallery-caption' id='gallery-1-121'>\n\t\t\t\tParoi de douche ramatuelle\n\t\t\t\t<\/figcaption><\/figure><figure class='gallery-item'>\n\t\t\t<div class='gallery-icon portrait'>\n\t\t\t\t<img loading=\"lazy\" decoding=\"async\" width=\"768\" height=\"1024\" src=\"https:\/\/lesmiroitiersdesainttropez.com\/wp-content\/uploads\/2026\/01\/IMG_2601-768x1024.jpeg\" class=\"attachment-large size-large\" alt=\"\" aria-describedby=\"gallery-1-122\" srcset=\"https:\/\/lesmiroitiersdesainttropez.com\/wp-content\/uploads\/2026\/01\/IMG_2601-768x1024.jpeg 768w, https:\/\/lesmiroitiersdesainttropez.com\/wp-content\/uploads\/2026\/01\/IMG_2601-225x300.jpeg 225w, https:\/\/lesmiroitiersdesainttropez.com\/wp-content\/uploads\/2026\/01\/IMG_2601-1152x1536.jpeg 1152w, https:\/\/lesmiroitiersdesainttropez.com\/wp-content\/uploads\/2026\/01\/IMG_2601-1536x2048.jpeg 1536w, https:\/\/lesmiroitiersdesainttropez.com\/wp-content\/uploads\/2026\/01\/IMG_2601-scaled.jpeg 1920w\" sizes=\"(max-width: 768px) 100vw, 768px\" \/>\n\t\t\t<\/div>\n\t\t\t\t<figcaption class='wp-caption-text gallery-caption' id='gallery-1-122'>\n\t\t\t\tgarde-corps en verre\n\t\t\t\t<\/figcaption><\/figure><figure class='gallery-item'>\n\t\t\t<div class='gallery-icon portrait'>\n\t\t\t\t<img loading=\"lazy\" decoding=\"async\" width=\"768\" height=\"1024\" src=\"https:\/\/lesmiroitiersdesainttropez.com\/wp-content\/uploads\/2026\/01\/IMG_3797-768x1024.jpg\" class=\"attachment-large size-large\" alt=\"\" aria-describedby=\"gallery-1-123\" srcset=\"https:\/\/lesmiroitiersdesainttropez.com\/wp-content\/uploads\/2026\/01\/IMG_3797-768x1024.jpg 768w, https:\/\/lesmiroitiersdesainttropez.com\/wp-content\/uploads\/2026\/01\/IMG_3797-225x300.jpg 225w, https:\/\/lesmiroitiersdesainttropez.com\/wp-content\/uploads\/2026\/01\/IMG_3797-1152x1536.jpg 1152w, https:\/\/lesmiroitiersdesainttropez.com\/wp-content\/uploads\/2026\/01\/IMG_3797-1536x2048.jpg 1536w, https:\/\/lesmiroitiersdesainttropez.com\/wp-content\/uploads\/2026\/01\/IMG_3797-scaled.jpg 1920w\" sizes=\"(max-width: 768px) 100vw, 768px\" \/>\n\t\t\t<\/div>\n\t\t\t\t<figcaption class='wp-caption-text gallery-caption' id='gallery-1-123'>\n\t\t\t\tPorte en laiton\n\t\t\t\t<\/figcaption><\/figure><figure class='gallery-item'>\n\t\t\t<div class='gallery-icon portrait'>\n\t\t\t\t<img loading=\"lazy\" decoding=\"async\" width=\"768\" height=\"1024\" src=\"https:\/\/lesmiroitiersdesainttropez.com\/wp-content\/uploads\/2026\/01\/IMG_7100-768x1024.jpeg\" class=\"attachment-large size-large\" alt=\"\" aria-describedby=\"gallery-1-124\" srcset=\"https:\/\/lesmiroitiersdesainttropez.com\/wp-content\/uploads\/2026\/01\/IMG_7100-768x1024.jpeg 768w, https:\/\/lesmiroitiersdesainttropez.com\/wp-content\/uploads\/2026\/01\/IMG_7100-225x300.jpeg 225w, https:\/\/lesmiroitiersdesainttropez.com\/wp-content\/uploads\/2026\/01\/IMG_7100-1152x1536.jpeg 1152w, https:\/\/lesmiroitiersdesainttropez.com\/wp-content\/uploads\/2026\/01\/IMG_7100-1536x2048.jpeg 1536w, https:\/\/lesmiroitiersdesainttropez.com\/wp-content\/uploads\/2026\/01\/IMG_7100-scaled.jpeg 1920w\" sizes=\"(max-width: 768px) 100vw, 768px\" \/>\n\t\t\t<\/div>\n\t\t\t\t<figcaption class='wp-caption-text gallery-caption' id='gallery-1-124'>\n\t\t\t\tParoi de douche coulissante\n\t\t\t\t<\/figcaption><\/figure>\n\t\t<\/div>\n\t\t<\/div>\n\t\t\t\t\t\t<\/div>\n\t\t\t\t\t<\/div>\n\t\t\t\t<\/div>\n\t\t<div class=\"elementor-element elementor-element-8b94a68 e-con-full e-flex e-con e-parent\" data-id=\"8b94a68\" data-element_type=\"container\">\n\t\t<div class=\"elementor-element elementor-element-f97f1f5 e-con-full e-flex e-con e-child\" data-id=\"f97f1f5\" data-element_type=\"container\">\n\t\t\t\t<div class=\"elementor-element elementor-element-1a8b01d elementor-widget elementor-widget-heading\" data-id=\"1a8b01d\" data-element_type=\"widget\" data-widget_type=\"heading.default\">\n\t\t\t\t\t<h2 class=\"elementor-heading-title elementor-size-default\">Un Projet ? Parlons-en. <\/h2>\t\t\t\t<\/div>\n\t\t\t\t<div class=\"elementor-element elementor-element-a259611 elementor-widget elementor-widget-text-editor\" data-id=\"a259611\" data-element_type=\"widget\" data-widget_type=\"text-editor.default\">\n\t\t\t\t\t\t\t\t\t<p><em>D\u00e9crivez bri\u00e8vement votre besoin, pr\u00e9cisez le type de r\u00e9alisation et, si possible, joignez quelques photos ou dimensions approximatives.<\/em><br data-start=\"3947\" data-end=\"3950\" \/><em>Nous vous recontactons rapidement pour \u00e9changer sur votre projet et vous proposer une solution sur mesure.<\/em><\/p>\t\t\t\t\t\t\t\t<\/div>\n\t\t\t\t<div class=\"elementor-element elementor-element-b645e78 elementor-align-center elementor-widget elementor-widget-button\" data-id=\"b645e78\" data-element_type=\"widget\" data-widget_type=\"button.default\">\n\t\t\t\t\t\t\t\t\t\t<a class=\"elementor-button elementor-button-link elementor-size-sm\" href=\"#\">\n\t\t\t\t\t\t<span class=\"elementor-button-content-wrapper\">\n\t\t\t\t\t\t\t\t\t<span class=\"elementor-button-text\">Nous contacter <\/span>\n\t\t\t\t\t<\/span>\n\t\t\t\t\t<\/a>\n\t\t\t\t\t\t\t\t<\/div>\n\t\t\t\t<div class=\"elementor-element elementor-element-7b85ee1 elementor-widget elementor-widget-heading\" data-id=\"7b85ee1\" data-element_type=\"widget\" data-widget_type=\"heading.default\">\n\t\t\t\t\t<h2 class=\"elementor-heading-title elementor-size-default\">JML Services - LES MIROITIERS DE SAINT TROPEZ<\/h2>\t\t\t\t<\/div>\n\t\t\t\t<div class=\"elementor-element elementor-element-0850f94 elementor-widget elementor-widget-text-editor\" data-id=\"0850f94\" data-element_type=\"widget\" data-widget_type=\"text-editor.default\">\n\t\t\t\t\t\t\t\t\t<p>470 Avenue de l&rsquo;h\u00e9liport<\/p><p>83310 GRIMAUD<\/p><p>06 15 44 79 07<\/p><p>contact@jml-services.com<\/p>\t\t\t\t\t\t\t\t<\/div>\n\t\t\t\t<\/div>\n\t\t\t\t<\/div>\n\t\t<div class=\"elementor-element elementor-element-6858455 e-con-full e-flex e-con e-parent\" data-id=\"6858455\" data-element_type=\"container\">\n\t\t<div class=\"elementor-element elementor-element-8cf9d56 e-con-full e-flex e-con e-child\" data-id=\"8cf9d56\" data-element_type=\"container\" data-settings=\"{&quot;background_background&quot;:&quot;classic&quot;}\">\n\t\t\t\t<div class=\"elementor-element elementor-element-7090f7b elementor-widget__width-inherit elementor-widget elementor-widget-heading\" data-id=\"7090f7b\" data-element_type=\"widget\" data-widget_type=\"heading.default\">\n\t\t\t\t\t<h1 class=\"elementor-heading-title elementor-size-default\">\u00a9 2026 Les Miroitiers de Saint-Tropez \u2014 Tous droits r\u00e9serv\u00e9s<\/h1>\t\t\t\t<\/div>\n\t\t\t\t<\/div>\n\t\t\t\t<\/div>\n\t\t\t\t<\/div>\n\t\t","protected":false},"excerpt":{"rendered":"<p>R\u00e9alisations Quelques exemples de r\u00e9alisations en miroiterie et verrerie sur mesure. \u00a0 Paroi en laiton Etag\u00e8re en verre Miroir r\u00e9tro \u00e9clair\u00e9 Paroi de douche sur mesure Cabine de douche Paroi de douche ramatuelle garde-corps en verre Porte en laiton Paroi de douche coulissante Un Projet ? Parlons-en. D\u00e9crivez bri\u00e8vement votre besoin, pr\u00e9cisez le type de [&hellip;]<\/p>\n","protected":false},"author":1,"featured_media":0,"parent":0,"menu_order":0,"comment_status":"closed","ping_status":"closed","template":"","meta":{"footnotes":""},"class_list":["post-24","page","type-page","status-publish","hentry"],"_links":{"self":[{"href":"https:\/\/lesmiroitiersdesainttropez.com\/index.php\/wp-json\/wp\/v2\/pages\/24","targetHints":{"allow":["GET"]}}],"collection":[{"href":"https:\/\/lesmiroitiersdesainttropez.com\/index.php\/wp-json\/wp\/v2\/pages"}],"about":[{"href":"https:\/\/lesmiroitiersdesainttropez.com\/index.php\/wp-json\/wp\/v2\/types\/page"}],"author":[{"embeddable":true,"href":"https:\/\/lesmiroitiersdesainttropez.com\/index.php\/wp-json\/wp\/v2\/users\/1"}],"replies":[{"embeddable":true,"href":"https:\/\/lesmiroitiersdesainttropez.com\/index.php\/wp-json\/wp\/v2\/comments?post=24"}],"version-history":[{"count":76,"href":"https:\/\/lesmiroitiersdesainttropez.com\/index.php\/wp-json\/wp\/v2\/pages\/24\/revisions"}],"predecessor-version":[{"id":376,"href":"https:\/\/lesmiroitiersdesainttropez.com\/index.php\/wp-json\/wp\/v2\/pages\/24\/revisions\/376"}],"wp:attachment":[{"href":"https:\/\/lesmiroitiersdesainttropez.com\/index.php\/wp-json\/wp\/v2\/media?parent=24"}],"curies":[{"name":"wp","href":"https:\/\/api.w.org\/{rel}","templated":true}]}}